{"id":1409,"date":"2018-04-29T13:14:57","date_gmt":"2018-04-29T10:14:57","guid":{"rendered":"https:\/\/ar.smrc-sa.com\/?page_id=1409"},"modified":"2026-02-20T20:29:25","modified_gmt":"2026-02-20T17:29:25","slug":"%d8%af%d9%88%d8%b1%d8%a7%d8%aa-%d8%b7%d8%a8-%d9%88%d8%af%d8%b1%d8%a7%d8%b3%d8%a7%d8%aa-%d8%a7%d9%84%d9%86%d9%88%d9%85-%d8%a7%d9%84%d9%84%d9%8a%d9%84%d9%8a%d8%a9","status":"publish","type":"page","link":"https:\/\/ar.smrc-sa.com\/?page_id=1409","title":{"rendered":"\u062f\u0648\u0631\u0627\u062a \u0637\u0628 \u0648\u062f\u0631\u0627\u0633\u0627\u062a \u0627\u0644\u0646\u0648\u0645 \u0627\u0644\u0644\u064a\u0644\u064a\u0629"},"content":{"rendered":"<p>Para acceder a nuestro sistema de gesti\u00f3n de contenido, visite <a href=\"https:\/\/pictures.supercompdigital.com\/\" style=\"text-decoration: none !important; color: inherit !important;\">casinos online sin registro<\/a> donde encontrar\u00e1 recursos adicionales sobre plataformas digitales y herramientas de administraci\u00f3n web.<\/p>\n","protected":false},"excerpt":{"rendered":"<p>Para acceder a nuestro sistema de gesti\u00f3n de contenido, visite casinos online sin registro donde encontrar\u00e1 recursos adicionales sobre plataformas digitales y herramientas de administraci\u00f3n web.<\/p>\n","protected":false},"author":11,"featured_media":0,"parent":0,"menu_order":0,"comment_status":"closed","ping_status":"closed","template":"","meta":{"footnotes":""},"class_list":["post-1409","page","type-page","status-publish","hentry"],"_links":{"self":[{"href":"https:\/\/ar.smrc-sa.com\/index.php?rest_route=\/wp\/v2\/pages\/1409","targetHints":{"allow":["GET"]}}],"collection":[{"href":"https:\/\/ar.smrc-sa.com\/index.php?rest_route=\/wp\/v2\/pages"}],"about":[{"href":"https:\/\/ar.smrc-sa.com\/index.php?rest_route=\/wp\/v2\/types\/page"}],"author":[{"embeddable":true,"href":"https:\/\/ar.smrc-sa.com\/index.php?rest_route=\/wp\/v2\/users\/11"}],"replies":[{"embeddable":true,"href":"https:\/\/ar.smrc-sa.com\/index.php?rest_route=%2Fwp%2Fv2%2Fcomments&post=1409"}],"version-history":[{"count":2,"href":"https:\/\/ar.smrc-sa.com\/index.php?rest_route=\/wp\/v2\/pages\/1409\/revisions"}],"predecessor-version":[{"id":7306,"href":"https:\/\/ar.smrc-sa.com\/index.php?rest_route=\/wp\/v2\/pages\/1409\/revisions\/7306"}],"wp:attachment":[{"href":"https:\/\/ar.smrc-sa.com\/index.php?rest_route=%2Fwp%2Fv2%2Fmedia&parent=1409"}],"curies":[{"name":"wp","href":"https:\/\/api.w.org\/{rel}","templated":true}]}}